{"id":52,"date":"2021-04-03T07:08:05","date_gmt":"2021-04-03T05:08:05","guid":{"rendered":"https:\/\/cabinet-parcimony.fr\/?page_id=52"},"modified":"2024-10-17T17:45:23","modified_gmt":"2024-10-17T15:45:23","slug":"mentions-legales","status":"publish","type":"page","link":"https:\/\/cabinet-parcimony.fr\/?page_id=52","title":{"rendered":"Mentions l\u00e9gales"},"content":{"rendered":"\t\t<div data-elementor-type=\"wp-page\" data-elementor-id=\"52\" class=\"elementor elementor-52\">\n\t\t\t\t\t\t<section class=\"elementor-section elementor-top-section elementor-element elementor-element-b0ecfda elementor-section-boxed elementor-section-height-default elementor-section-height-default\" data-id=\"b0ecfda\" data-element_type=\"section\" data-e-type=\"section\">\n\t\t\t\t\t\t<div class=\"elementor-container elementor-column-gap-default\">\n\t\t\t\t\t<div class=\"elementor-column elementor-col-100 elementor-top-column elementor-element elementor-element-deaf7db\" data-id=\"deaf7db\" data-element_type=\"column\" data-e-type=\"column\">\n\t\t\t<div class=\"elementor-widget-wrap elementor-element-populated\">\n\t\t\t\t\t\t<div class=\"elementor-element elementor-element-1f07507 elementor-widget elementor-widget-image\" data-id=\"1f07507\" data-element_type=\"widget\" data-e-type=\"widget\" data-widget_type=\"image.default\">\n\t\t\t\t<div class=\"elementor-widget-container\">\n\t\t\t\t\t\t\t\t\t\t\t\t\t\t\t<img decoding=\"async\" width=\"300\" height=\"67\" src=\"https:\/\/cabinet-parcimony.fr\/wp-content\/uploads\/2024\/10\/logo-test-pour-promo-1-300x67.png\" class=\"attachment-medium size-medium wp-image-1174\" alt=\"\" srcset=\"https:\/\/cabinet-parcimony.fr\/wp-content\/uploads\/2024\/10\/logo-test-pour-promo-1-300x67.png 300w, https:\/\/cabinet-parcimony.fr\/wp-content\/uploads\/2024\/10\/logo-test-pour-promo-1.png 648w\" sizes=\"(max-width: 300px) 100vw, 300px\" \/>\t\t\t\t\t\t\t\t\t\t\t\t\t\t\t<\/div>\n\t\t\t\t<\/div>\n\t\t\t\t\t<\/div>\n\t\t<\/div>\n\t\t\t\t\t<\/div>\n\t\t<\/section>\n\t\t\t\t<section class=\"elementor-section elementor-top-section elementor-element elementor-element-092b0c3 elementor-section-boxed elementor-section-height-default elementor-section-height-default\" data-id=\"092b0c3\" data-element_type=\"section\" data-e-type=\"section\">\n\t\t\t\t\t\t<div class=\"elementor-container elementor-column-gap-default\">\n\t\t\t\t\t<div class=\"elementor-column elementor-col-100 elementor-top-column elementor-element elementor-element-d822ce6\" data-id=\"d822ce6\" data-element_type=\"column\" data-e-type=\"column\">\n\t\t\t<div class=\"elementor-widget-wrap elementor-element-populated\">\n\t\t\t\t\t\t<div class=\"elementor-element elementor-element-fa440a3 elementor-widget elementor-widget-text-editor\" data-id=\"fa440a3\" data-element_type=\"widget\" data-e-type=\"widget\" data-widget_type=\"text-editor.default\">\n\t\t\t\t<div class=\"elementor-widget-container\">\n\t\t\t\t\t\t\t\t\t<p><b>SARL de courtage en assurances, code APE 6622Z<\/b><\/p>\n<p><b>Orias :<\/b> 21 000 427<\/p>\n<p><b>Si\u00e8ge social :<\/b> 14 rue du muguet, 91210 DRAVEIL<\/p>\n<p><b>T\u00e9l\u00e9phone :<\/b> 07 49 84 59 07&nbsp;<\/p>\n<p><b>Courriel:<\/b> contact@cabinet-parcimony.fr<\/p>\t\t\t\t\t\t\t\t<\/div>\n\t\t\t\t<\/div>\n\t\t\t\t\t<\/div>\n\t\t<\/div>\n\t\t\t\t\t<\/div>\n\t\t<\/section>\n\t\t\t\t<section class=\"elementor-section elementor-top-section elementor-element elementor-element-5654eac elementor-section-boxed elementor-section-height-default elementor-section-height-default\" data-id=\"5654eac\" data-element_type=\"section\" data-e-type=\"section\">\n\t\t\t\t\t\t<div class=\"elementor-container elementor-column-gap-default\">\n\t\t\t\t\t<div class=\"elementor-column elementor-col-100 elementor-top-column elementor-element elementor-element-7503e82\" data-id=\"7503e82\" data-element_type=\"column\" data-e-type=\"column\">\n\t\t\t<div class=\"elementor-widget-wrap elementor-element-populated\">\n\t\t\t\t\t\t<div class=\"elementor-element elementor-element-353085a elementor-widget elementor-widget-text-editor\" data-id=\"353085a\" data-element_type=\"widget\" data-e-type=\"widget\" data-widget_type=\"text-editor.default\">\n\t\t\t\t<div class=\"elementor-widget-container\">\n\t\t\t\t\t\t\t\t\t<p><b>G\u00e9rants : <\/b>Mme Cindy Quenouille et M Yohan Brignou<br><\/p>\n<p><b>H\u00e9bergeur <\/b>: OVH SAS filiale de la soci\u00e9t\u00e9 OVH Groupe SAS, soci\u00e9t\u00e9 immatricul\u00e9e au RCS de Lille sous le num\u00e9ro 537 407 826 sise 2 rue Kellerman, 59100 Roubaix.<\/p>\n<p><b>R\u00e9clamations : <\/b>en cas de m\u00e9contentement, nous vous invitons \u00e0 contacter au pr\u00e9alable votre interlocuteur habituel chez Parcimony. Si la r\u00e9ponse apport\u00e9e \u00e0 votre r\u00e9clamation n&rsquo;est pas satisfaisante, vous pouvez contacter notre service RECLAMATION. Vous pouvez nous adresser un email \u00e0 l&rsquo;adresse suivante : reclamations@cabinet-parcimont.fr ou \u00e9crire a l&rsquo;adresse postale suivante : PARCIMONY &#8211; 14 rue du muguet 91210 Draveil.<\/p>\n<p>Si vous n&rsquo;\u00eates toujours pas satisfait de la r\u00e9ponse apport\u00e9e \u00e0 votre r\u00e9clamation, vous pouvez saisir le m\u00e9diateur : La m\u00e9diation de l&rsquo;assurance &#8211; TSA 50110 &#8211; 75441 PARIS CEDEX 09, \u00ab\u00a0https:\/\/www.mediationassurance.org\u00a0\u00bb.<\/p>\t\t\t\t\t\t\t\t<\/div>\n\t\t\t\t<\/div>\n\t\t\t\t\t<\/div>\n\t\t<\/div>\n\t\t\t\t\t<\/div>\n\t\t<\/section>\n\t\t\t\t<\/div>\n\t\t","protected":false},"excerpt":{"rendered":"<p>SARL de courtage en assurances, code APE 6622Z Orias : 21 000 427 Si\u00e8ge social : 14 rue du muguet, 91210 DRAVEIL T\u00e9l\u00e9phone : 07 49 84 59 07&nbsp; Courriel: contact@cabinet-parcimony.fr G\u00e9rants : Mme Cindy Quenouille et M Yohan Brignou H\u00e9bergeur : OVH SAS filiale de la soci\u00e9t\u00e9 OVH Groupe SAS, soci\u00e9t\u00e9 immatricul\u00e9e au RCS de Lille sous le num\u00e9ro 537 407 826 sise 2 rue Kellerman, 59100 Roubaix. R\u00e9clamations : en cas de m\u00e9contentement, nous vous invitons \u00e0 contacter au pr\u00e9alable votre interlocuteur habituel chez Parcimony. Si la r\u00e9ponse apport\u00e9e \u00e0 votre r\u00e9clamation n&rsquo;est pas satisfaisante, vous pouvez contacter<\/p>\n","protected":false},"author":1,"featured_media":0,"parent":0,"menu_order":0,"comment_status":"closed","ping_status":"closed","template":"","meta":{"_monsterinsights_skip_tracking":false,"_monsterinsights_sitenote_active":false,"_monsterinsights_sitenote_note":"","_monsterinsights_sitenote_category":0,"footnotes":""},"class_list":["post-52","page","type-page","status-publish","hentry"],"_links":{"self":[{"href":"https:\/\/cabinet-parcimony.fr\/index.php?rest_route=\/wp\/v2\/pages\/52","targetHints":{"allow":["GET"]}}],"collection":[{"href":"https:\/\/cabinet-parcimony.fr\/index.php?rest_route=\/wp\/v2\/pages"}],"about":[{"href":"https:\/\/cabinet-parcimony.fr\/index.php?rest_route=\/wp\/v2\/types\/page"}],"author":[{"embeddable":true,"href":"https:\/\/cabinet-parcimony.fr\/index.php?rest_route=\/wp\/v2\/users\/1"}],"replies":[{"embeddable":true,"href":"https:\/\/cabinet-parcimony.fr\/index.php?rest_route=%2Fwp%2Fv2%2Fcomments&post=52"}],"version-history":[{"count":16,"href":"https:\/\/cabinet-parcimony.fr\/index.php?rest_route=\/wp\/v2\/pages\/52\/revisions"}],"predecessor-version":[{"id":1200,"href":"https:\/\/cabinet-parcimony.fr\/index.php?rest_route=\/wp\/v2\/pages\/52\/revisions\/1200"}],"wp:attachment":[{"href":"https:\/\/cabinet-parcimony.fr\/index.php?rest_route=%2Fwp%2Fv2%2Fmedia&parent=52"}],"curies":[{"name":"wp","href":"https:\/\/api.w.org\/{rel}","templated":true}]}}