{"id":56,"date":"2021-04-03T07:10:29","date_gmt":"2021-04-03T05:10:29","guid":{"rendered":"https:\/\/cabinet-parcimony.fr\/?page_id=56"},"modified":"2024-10-17T17:44:43","modified_gmt":"2024-10-17T15:44:43","slug":"politique-de-confidentialite","status":"publish","type":"page","link":"https:\/\/cabinet-parcimony.fr\/?page_id=56","title":{"rendered":"Politique de confidentialit\u00e9"},"content":{"rendered":"\t\t<div data-elementor-type=\"wp-page\" data-elementor-id=\"56\" class=\"elementor elementor-56\">\n\t\t\t\t\t\t<section class=\"elementor-section elementor-top-section elementor-element elementor-element-5cb679b elementor-section-boxed elementor-section-height-default elementor-section-height-default\" data-id=\"5cb679b\" data-element_type=\"section\" data-e-type=\"section\">\n\t\t\t\t\t\t<div class=\"elementor-container elementor-column-gap-default\">\n\t\t\t\t\t<div class=\"elementor-column elementor-col-100 elementor-top-column elementor-element elementor-element-c10e73a\" data-id=\"c10e73a\" data-element_type=\"column\" data-e-type=\"column\">\n\t\t\t<div class=\"elementor-widget-wrap elementor-element-populated\">\n\t\t\t\t\t\t<div class=\"elementor-element elementor-element-66b4939 elementor-widget elementor-widget-text-editor\" data-id=\"66b4939\" data-element_type=\"widget\" data-e-type=\"widget\" data-widget_type=\"text-editor.default\">\n\t\t\t\t<div class=\"elementor-widget-container\">\n\t\t\t\t\t\t\t\t\t<p>Les informations recueillies dans le formulaire de contact sont enregistr\u00e9es dans un fichier informatis\u00e9 par Parcimony joignable via l&rsquo;adresse suivante :&nbsp; contact@cabinet-parcimony.fr.<\/p>\n<p>La base l\u00e9gale du traitement est le consentement des personnes concern\u00e9es. Les donn\u00e9es marqu\u00e9es par un ast\u00e9risque dans le questionnaire doivent obligatoirement \u00eatre fournie dans le cas contraire, le formulaire de contact ne peut \u00eatre soumis. Les donn\u00e9es collect\u00e9es sont le pr\u00e9nom, le nom, le courriel, le t\u00e9l\u00e9phone, le message et la date d&rsquo;envoi.&nbsp;<\/p>\n<p>Ces donn\u00e9es sont collect\u00e9es \u00e0 des fins d&rsquo;archivage des demandes de nos clients.&nbsp;<\/p>\n<p>Les donn\u00e9es collect\u00e9es seront communiqu\u00e9es aux seuls destinataires suivants : contact@cabinet-parcimony.fr<\/p>\n<p>Elles sont conserv\u00e9es pendant 2 ans.&nbsp;<\/p>\n<p>Vous pouvez acc\u00e9der aux donn\u00e9es vous concernant, les rectifier, demander leur effacement ou exercer votre droit \u00e0 la limitation du traitement de vos donn\u00e9es. Vous pouvez retirer \u00e0 tout moment votre consentement au traitement de vos donn\u00e9es.<\/p>\t\t\t\t\t\t\t\t<\/div>\n\t\t\t\t<\/div>\n\t\t\t\t\t<\/div>\n\t\t<\/div>\n\t\t\t\t\t<\/div>\n\t\t<\/section>\n\t\t\t\t<section class=\"elementor-section elementor-top-section elementor-element elementor-element-5f0e96b elementor-section-boxed elementor-section-height-default elementor-section-height-default\" data-id=\"5f0e96b\" data-element_type=\"section\" data-e-type=\"section\">\n\t\t\t\t\t\t<div class=\"elementor-container elementor-column-gap-default\">\n\t\t\t\t\t<div class=\"elementor-column elementor-col-100 elementor-top-column elementor-element elementor-element-dcd40f4\" data-id=\"dcd40f4\" data-element_type=\"column\" data-e-type=\"column\">\n\t\t\t<div class=\"elementor-widget-wrap elementor-element-populated\">\n\t\t\t\t\t\t<div class=\"elementor-element elementor-element-d44a553 elementor-widget elementor-widget-text-editor\" data-id=\"d44a553\" data-element_type=\"widget\" data-e-type=\"widget\" data-widget_type=\"text-editor.default\">\n\t\t\t\t<div class=\"elementor-widget-container\">\n\t\t\t\t\t\t\t\t\t<p>Consultez le site \u00ab\u00a0cnil.fr\u00a0\u00bb pour plus d&rsquo;informations sur vos droits.&nbsp;<\/p>\n<p><b>Pour exercer ces droits ou pour toute question sur le traitement de vos donn\u00e9es dans ce dispositif, vous pouvez contacter:<\/b><\/p>\n<p>Courriel : contact@cabinet-parcimony.fr<\/p>\n<p>T\u00e9l\u00e9phone : 07 49 84 59 07&nbsp;<\/p>\n<p>Adresse : 14 rue du muguet, 91210 Draveil<\/p>\n<p>Si vous estimez, apr\u00e8s nous avoir contact\u00e9s, que vos droits \u00ab\u00a0Informatique et Libert\u00e9s\u00a0\u00bb ne sont pas respect\u00e9s, vous pouvez adresser une r\u00e9clamation \u00e0 la CNIL.<\/p>\t\t\t\t\t\t\t\t<\/div>\n\t\t\t\t<\/div>\n\t\t\t\t\t<\/div>\n\t\t<\/div>\n\t\t\t\t\t<\/div>\n\t\t<\/section>\n\t\t\t\t<\/div>\n\t\t","protected":false},"excerpt":{"rendered":"<p>Les informations recueillies dans le formulaire de contact sont enregistr\u00e9es dans un fichier informatis\u00e9 par Parcimony joignable via l&rsquo;adresse suivante :&nbsp; contact@cabinet-parcimony.fr. La base l\u00e9gale du traitement est le consentement des personnes concern\u00e9es. Les donn\u00e9es marqu\u00e9es par un ast\u00e9risque dans le questionnaire doivent obligatoirement \u00eatre fournie dans le cas contraire, le formulaire de contact ne peut \u00eatre soumis. Les donn\u00e9es collect\u00e9es sont le pr\u00e9nom, le nom, le courriel, le t\u00e9l\u00e9phone, le message et la date d&rsquo;envoi.&nbsp; Ces donn\u00e9es sont collect\u00e9es \u00e0 des fins d&rsquo;archivage des demandes de nos clients.&nbsp; Les donn\u00e9es collect\u00e9es seront communiqu\u00e9es aux seuls destinataires suivants : contact@cabinet-parcimony.fr<\/p>\n","protected":false},"author":1,"featured_media":0,"parent":0,"menu_order":0,"comment_status":"closed","ping_status":"closed","template":"","meta":{"_monsterinsights_skip_tracking":false,"_monsterinsights_sitenote_active":false,"_monsterinsights_sitenote_note":"","_monsterinsights_sitenote_category":0,"footnotes":""},"class_list":["post-56","page","type-page","status-publish","hentry"],"_links":{"self":[{"href":"https:\/\/cabinet-parcimony.fr\/index.php?rest_route=\/wp\/v2\/pages\/56","targetHints":{"allow":["GET"]}}],"collection":[{"href":"https:\/\/cabinet-parcimony.fr\/index.php?rest_route=\/wp\/v2\/pages"}],"about":[{"href":"https:\/\/cabinet-parcimony.fr\/index.php?rest_route=\/wp\/v2\/types\/page"}],"author":[{"embeddable":true,"href":"https:\/\/cabinet-parcimony.fr\/index.php?rest_route=\/wp\/v2\/users\/1"}],"replies":[{"embeddable":true,"href":"https:\/\/cabinet-parcimony.fr\/index.php?rest_route=%2Fwp%2Fv2%2Fcomments&post=56"}],"version-history":[{"count":15,"href":"https:\/\/cabinet-parcimony.fr\/index.php?rest_route=\/wp\/v2\/pages\/56\/revisions"}],"predecessor-version":[{"id":1180,"href":"https:\/\/cabinet-parcimony.fr\/index.php?rest_route=\/wp\/v2\/pages\/56\/revisions\/1180"}],"wp:attachment":[{"href":"https:\/\/cabinet-parcimony.fr\/index.php?rest_route=%2Fwp%2Fv2%2Fmedia&parent=56"}],"curies":[{"name":"wp","href":"https:\/\/api.w.org\/{rel}","templated":true}]}}